{"id":4,"date":"2022-12-20T13:44:01","date_gmt":"2022-12-20T13:44:01","guid":{"rendered":"https:\/\/kus-kommunikation-und-streitkultur.com\/?page_id=4"},"modified":"2023-02-09T16:21:46","modified_gmt":"2023-02-09T16:21:46","slug":"willkommen-auf-https-kus-kommunikation-und-streitkultur-com","status":"publish","type":"page","link":"https:\/\/kus-kommunikation-und-streitkultur.com\/","title":{"rendered":"Willkommen auf https:\/\/KUS-Kommunikation-und-Streitkultur.com"},"content":{"rendered":"\n<p class=\"has-black-color has-white-background-color has-text-color has-background\">TAMACOM TheMindCompany wurde 1994 von Gerd Steinmetzer gegr\u00fcndet und ber\u00e4t Unternehmen, Organisationen und Einzelpersonen bei Ver\u00e4nderungen durch Consulting, Mentaltraining und Coaching.   <\/p>\n\n\n\n<figure class=\"is-layout-flex wp-block-gallery-1 wp-block-gallery has-nested-images columns-default is-cropped\"><\/figure>\n\n\n\n<h2><strong>SAPERE AUDE &#8211; Hab&#8216; Mut zu denken!<\/strong><\/h2>\n\n\n\n<p>Diese Website wird aktuell erstellt. Sie wird neue, kreative Wege zur \u00dcberwindung der aktuellen, gesellschaftlichen Spaltung zeigen. Die Nutzung von Regelstrukturen helfen hierbei zu mehr Transparenz, Bewu\u00dftsein und Lebensfreude.  &#8222;<em>Die Qualit\u00e4t unseres Denkens  und die Akzeptanz unserer Kommunikation werden die Qualit\u00e4t unserer Zukunft verbessern&#8220; .<\/em><\/p>\n\n\n\n<figure class=\"wp-block-image size-full is-resized\"><img decoding=\"async\" loading=\"lazy\" src=\"https:\/\/kus-kommunikation-und-streitkultur.com\/wp-content\/uploads\/2023\/01\/Vorwerkpark-09-01-2023-wordpress-20210521_093145-2.jpg\" alt=\"\" class=\"wp-image-21\" width=\"779\" height=\"253\" srcset=\"https:\/\/kus-kommunikation-und-streitkultur.com\/wp-content\/uploads\/2023\/01\/Vorwerkpark-09-01-2023-wordpress-20210521_093145-2.jpg 897w, https:\/\/kus-kommunikation-und-streitkultur.com\/wp-content\/uploads\/2023\/01\/Vorwerkpark-09-01-2023-wordpress-20210521_093145-2-300x98.jpg 300w, https:\/\/kus-kommunikation-und-streitkultur.com\/wp-content\/uploads\/2023\/01\/Vorwerkpark-09-01-2023-wordpress-20210521_093145-2-768x250.jpg 768w\" sizes=\"(max-width: 767px) 89vw, (max-width: 1000px) 54vw, (max-width: 1071px) 543px, 580px\" \/><\/figure>\n\n\n\n<h2><strong>ANK\u00dcNDIGUNG<\/strong><\/h2>\n\n\n\n<p>&#8222;Effektive Meetings, zielf\u00fchrende Entscheidungen und bessere Ideen in weniger Zeit &#8211; das sind die Ziele, die wir mit unseren Wegen aus der Kommunikationsfalle erreichen wollen. In einer immer komplexer werdenden Welt, in der der technologische Fortschritt und die Globalisierung zu st\u00e4ndigen Ver\u00e4nderungen f\u00fchren, ist es wichtig, den Unterschied zwischen Fakten und Meinungen zu erkennen. Fakten basieren auf seri\u00f6sen Quellen und sind neutral, w\u00e4hrend Meinungen auf unseren emotionalen Bewertungen beruhen und h\u00e4ufig mit Fakten vermischt werden. Das kann die Qualit\u00e4t von Entscheidungen beeintr\u00e4chtigen oder sogar manipulieren. Um komplexe Probleme zu l\u00f6sen, brauchen wir in der Regel einen systematischen Denkansatz und eine andere Perspektive.<\/p>\n\n\n\n<p>Intelligenz allein bedeutet noch nicht, dass wir auch gute Denker sind. In unserer schnelllebigen, globalisierten Welt gibt es zwar viele Informationen, aber wir haben oft wenig F\u00e4higkeiten oder Methoden, um sie in neue Konzepte und Systeme einflie\u00dfen zu lassen. Der Umgang mit Informationskomplexit\u00e4t und die F\u00e4higkeit, menschliche Interaktionen effektiv und zielgerichtet zu steuern, sind daher wichtige Faktoren f\u00fcr die Gestaltung unserer Zukunft. In unserer westlichen Kultur trennen wir jedoch selten bewusst Logik von Emotionen oder Kreativit\u00e4t von Information. Unsere Erziehung und die traditionelle Kommunikation vermischen diese Denkrichtungen h\u00e4ufig entsprechend der jeweiligen Situation.<\/p>\n\n\n\n<p>Dies f\u00fchrt dazu, dass wir in einer Denkfalle gefangen sind, wenn wir unser Ego von der Leistung nicht trennen. Unsere Argumentation in den westlichen L\u00e4ndern wird vor allem von kritischem Denken gepr\u00e4gt, das auf unserer Erziehung beruht und uns sch\u00fctzen soll vor Gefahren und Risiken. Dieses fast 2500 Jahre alte Denken, das von Sokrates \u00fcber Platon bis Aristoteles reicht, f\u00fchrt jedoch zu immer h\u00e4ufigeren Kommunikationskonflikten, wenn wir nicht erkennen, dass wir durch unsere traditionelle Rhetorik &#8222;egoistisch&#8220; sind. Wir verteidigen unsere Meinung, indem wir uns auf unsere Person st\u00fctzen und uns damit einer anderen Person gegen\u00fcberstellen. Dieses \u00fcberholte traditionelle Denken verschiebt unseren Denkprozess von der objektiven Analyse von Sachverhalten und L\u00f6sungen hin zu pers\u00f6nlichen Angriffen und Konfrontationen. Um aus dieser Kommunikationsfalle zu entkommen, m\u00fcssen wir lernen, unsere Denkprozesse und Kommunikation anzupassen. Wir m\u00fcssen in der Lage sein, unsere Emotionen von der Logik zu trennen und uns auf die objektive Analyse von Informationen und L\u00f6sungen zu konzentrieren. Wir m\u00fcssen auch lernen, die Kreativit\u00e4t und die Informationen in unseren Diskussionen zu trennen und beide sinnvoll einzusetzen.<\/p>\n\n\n\n<p>Eine effektive Kommunikation erfordert auch, dass wir lernen, unsere Meinungen zu hinterfragen und andere Perspektiven zu ber\u00fccksichtigen. Wir sollten bereit sein, neue Ideen und Konzepte in Betracht zu ziehen und offen f\u00fcr Ver\u00e4nderungen zu sein. Nur so k\u00f6nnen wir komplexe Probleme l\u00f6sen und effektive Entscheidungen treffen. Wenn wir lernen, unsere Kommunikation und unsere Denkprozesse anzupassen, k\u00f6nnen wir aus der Kommunikationsfalle ausbrechen und unsere Zukunft aktiv gestalten.<\/p>\n","protected":false},"excerpt":{"rendered":"<p>TAMACOM TheMindCompany wurde 1994 von Gerd Steinmetzer gegr\u00fcndet und ber\u00e4t Unternehmen, Organisationen und Einzelpersonen bei Ver\u00e4nderungen durch Consulting, Mentaltraining und Coaching. SAPERE AUDE &#8211; Hab&#8216; Mut zu denken! Diese Website &hellip; <\/p>\n<p class=\"link-more\"><a href=\"https:\/\/kus-kommunikation-und-streitkultur.com\/\" class=\"more-link\"><span class=\"screen-reader-text\">\u201eWillkommen auf https:\/\/KUS-Kommunikation-und-Streitkultur.com\u201c<\/span> weiterlesen<\/a><\/p>\n","protected":false},"author":1,"featured_media":0,"parent":0,"menu_order":0,"comment_status":"closed","ping_status":"open","template":"","meta":[],"_links":{"self":[{"href":"https:\/\/kus-kommunikation-und-streitkultur.com\/index.php?rest_route=\/wp\/v2\/pages\/4"}],"collection":[{"href":"https:\/\/kus-kommunikation-und-streitkultur.com\/index.php?rest_route=\/wp\/v2\/pages"}],"about":[{"href":"https:\/\/kus-kommunikation-und-streitkultur.com\/index.php?rest_route=\/wp\/v2\/types\/page"}],"author":[{"embeddable":true,"href":"https:\/\/kus-kommunikation-und-streitkultur.com\/index.php?rest_route=\/wp\/v2\/users\/1"}],"replies":[{"embeddable":true,"href":"https:\/\/kus-kommunikation-und-streitkultur.com\/index.php?rest_route=%2Fwp%2Fv2%2Fcomments&post=4"}],"version-history":[{"count":7,"href":"https:\/\/kus-kommunikation-und-streitkultur.com\/index.php?rest_route=\/wp\/v2\/pages\/4\/revisions"}],"predecessor-version":[{"id":36,"href":"https:\/\/kus-kommunikation-und-streitkultur.com\/index.php?rest_route=\/wp\/v2\/pages\/4\/revisions\/36"}],"wp:attachment":[{"href":"https:\/\/kus-kommunikation-und-streitkultur.com\/index.php?rest_route=%2Fwp%2Fv2%2Fmedia&parent=4"}],"curies":[{"name":"wp","href":"https:\/\/api.w.org\/{rel}","templated":true}]}}